{"id":22,"date":"2025-11-11T01:58:41","date_gmt":"2025-11-11T00:58:41","guid":{"rendered":"https:\/\/www.editorialivrea.com\/ESP\/preguntas\/?page_id=22"},"modified":"2025-11-11T18:32:07","modified_gmt":"2025-11-11T17:32:07","slug":"preguntas-y-respuestas","status":"publish","type":"page","link":"https:\/\/www.editorialivrea.com\/ESP\/preguntas\/es-ar\/","title":{"rendered":"PREGUNTAS Y RESPUESTAS"},"content":{"rendered":"<div class=\"wp-block-image\">\n<figure class=\"aligncenter size-full\"><img loading=\"lazy\" decoding=\"async\" width=\"984\" height=\"283\" src=\"https:\/\/www.editorialivrea.com\/ESP\/preguntas\/wp-content\/uploads\/2025\/11\/seccion.png\" alt=\"\" class=\"wp-image-34\" srcset=\"https:\/\/www.editorialivrea.com\/ESP\/preguntas\/wp-content\/uploads\/2025\/11\/seccion.png 984w, https:\/\/www.editorialivrea.com\/ESP\/preguntas\/wp-content\/uploads\/2025\/11\/seccion-300x86.png 300w, https:\/\/www.editorialivrea.com\/ESP\/preguntas\/wp-content\/uploads\/2025\/11\/seccion-768x221.png 768w\" sizes=\"auto, (max-width: 984px) 100vw, 984px\" \/><\/figure>\n<\/div>\n\n\n<p class=\"has-text-align-center has-text-color has-link-color has-medium-font-size wp-elements-1094e98eb64dd8b8c90e46d6ea1649f7\" style=\"color:#0675b6\"><strong>Aqu\u00ed puedes preguntarnos todo lo que necesites. Fechas de salida, t\u00edtulos, detalles de las ediciones y lo que desees. \u00a1Tambi\u00e9n es un excelente lugar para sugerir series a publicar!<\/strong><\/p>\n\n\n\n<hr class=\"wp-block-separator has-alpha-channel-opacity is-style-wide\"\/>\n\n\n\n<div style=\"height:30px\" aria-hidden=\"true\" class=\"wp-block-spacer\"><\/div>\n\n\n\n<h2 class=\"wp-block-heading has-text-align-center has-vivid-cyan-blue-color has-text-color has-link-color has-large-font-size wp-elements-f6abc0c44082dddca3b3eba97b3a6299\">ZONA DE FAQ R\u00c1PIDO<\/h2>\n\n\n\n<p class=\"has-text-align-center\"><em>(Da click para expandir el contenido)<\/em><\/p>\n\n\n\n<details class=\"wp-block-details has-medium-font-size is-layout-flow wp-block-details-is-layout-flow\"><summary><strong>\u00bfD\u00d3NDE CONSEGUIR NUESTROS T\u00cdTULOS?<\/strong><\/summary>\n<p>Puedes conseguir nuestro cat\u00e1logo en distintos puntos de venta\u00a0<strong>a lo largo y ancho de toda Espa\u00f1a<\/strong>. Encontrar\u00e1s m\u00e1s informaci\u00f3n regi\u00f3n por regi\u00f3n, as\u00ed como un mapa detallado, en nuestra secci\u00f3n de <a href=\"https:\/\/www.editorialivrea.com\/ESP\/preguntas\/es-ar\/ESP\/donde-comprar\/\" data-type=\"link\" data-id=\"https:\/\/www.editorialivrea.com\/ESP\/donde-comprar\/\"><strong>PUNTOS DE VENTA<\/strong><\/a>.<br><br>Nuestros <strong>mangas y webtoons<\/strong> est\u00e1n a la venta en <strong><a href=\"https:\/\/www.editorialivrea.com\/ESP\/preguntas\/es-ar\/ESP\/donde-comprar\/\">Librer\u00edas especializadas de toda Espa\u00f1a<\/a><\/strong>, en los <a href=\"https:\/\/www.fnac.es\/\" data-type=\"link\" data-id=\"https:\/\/www.fnac.es\/\" target=\"_blank\" rel=\"noreferrer noopener\"><strong>Fnac<\/strong><\/a>, en <strong><a href=\"https:\/\/www.amazon.es\/\" data-type=\"link\" data-id=\"https:\/\/www.amazon.es\/\" target=\"_blank\" rel=\"noreferrer noopener\">Amazon.es<\/a><\/strong> y tambi\u00e9n en nuestra tienda online <a href=\"http:\/\/lacomiqueria.com\" data-type=\"link\" data-id=\"lacomiqueria.com\" target=\"_blank\" rel=\"noreferrer noopener\"><strong>lacomiqueria.com<\/strong><\/a><br><br>Para hacer m\u00e1s f\u00e1cil localizar un punto f\u00edsico de venta tenemos un <strong><a href=\"https:\/\/www.editorialivrea.com\/ESP\/preguntas\/es-ar\/ESP\/donde-comprar\/\">mapa detallado de todos ellos<\/a><\/strong>. Haz zoom a la zona\/ciudad\/barrio donde vives y comprueba lo que tienes cerca.<\/p>\n<\/details>\n\n\n\n<details class=\"wp-block-details has-medium-font-size is-layout-flow wp-block-details-is-layout-flow\"><summary><strong>\u00bfD\u00d3NDE PUEDO ENCONTRAR LAS FECHAS DE SALIDA DE LOS PR\u00d3XIMOS TOMOS DE MIS SERIES PREFERIDAS?<\/strong><\/summary>\n<p>Puedes consultar el calendario completo de lanzamientos en nuestra secci\u00f3n <strong><a href=\"https:\/\/www.editorialivrea.com\/ESP\/preguntas\/es-ar\/ESP\/proximas\/\">CALENDARIO DE SALIDAS<\/a><\/strong>, donde encontrar\u00e1s <strong>cada semana y mes<\/strong> con sus respectivos t\u00edtulos a la venta. Tambi\u00e9n podr\u00e1s ver un <strong>adelanto de los pr\u00f3ximos meses para planificar tus compras con antelaci\u00f3n<\/strong>.<br><br>En la<strong> ficha de cada t\u00edtulo<\/strong> encontrar\u00e1s el <strong>estado actual de la serie y la fecha estimada del pr\u00f3ximo n\u00famero<\/strong>. Te invitamos a recorrer nuestro cat\u00e1logo para <strong>mantenerte al d\u00eda<\/strong> y <strong>descubrir nuevas series de tu inter\u00e9s<\/strong>. Como ejemplo, puedes ver la informaci\u00f3n de <strong><a href=\"https:\/\/www.editorialivrea.com\/ESP\/preguntas\/es-ar\/ESP\/titulo\/jojos-bizarre-adventure\/\">Jojo\u2019s Bizarre Adventure<\/a><\/strong> \u2190 \u00a1haz clic para visitarla!<\/p>\n<\/details>\n\n\n\n<details class=\"wp-block-details has-medium-font-size is-layout-flow wp-block-details-is-layout-flow\"><summary><strong>\u00bfCU\u00c1NDO SALDR\u00c1 EL SIGUIENTE TOMO DE -INSERTE AQU\u00cd EL NOMBRE DE UNA SERIE-?<\/strong><\/summary>\n<p>En la <strong>ficha de la serie<\/strong> que buscas en particular, encontrar\u00e1s en su ficha un apartado llamado <strong>PR\u00d3XIMO TOMO A LA VENTA<\/strong> donde estar\u00e1 la informaci\u00f3n que buscas. <br><br>De todas formas, si a\u00fan tienes dudas, puedes dejarnos tu consulta aqu\u00ed mismo, pero <strong>procuramos mantener las fichas actualizadas cada semana con la informaci\u00f3n m\u00e1s fresca<\/strong>.<\/p>\n<\/details>\n\n\n\n<div style=\"height:30px\" aria-hidden=\"true\" class=\"wp-block-spacer\"><\/div>\n\n\n\n<hr class=\"wp-block-separator has-alpha-channel-opacity is-style-wide\"\/>\n\n\n\n<p class=\"has-text-align-center\"><\/p>\n\n\n\t<div id=\"respond\" class=\"comment-respond wp-block-post-comments-form\">\n\t\t<h3 id=\"reply-title\" class=\"comment-reply-title\">Deja un comentario <small><a rel=\"nofollow\" id=\"cancel-comment-reply-link\" href=\"\/ESP\/preguntas\/es-ar\/wp-json\/wp\/v2\/pages\/22#respond\" style=\"display:none;\">Cancelar respuesta<\/a><\/small><\/h3><form action=\"https:\/\/www.editorialivrea.com\/ESP\/preguntas\/wp-comments-post.php\" method=\"post\" id=\"commentform\" class=\"comment-form\" data-trp-original-action=\"https:\/\/www.editorialivrea.com\/ESP\/preguntas\/wp-comments-post.php\"><p class=\"comment-notes\"><span id=\"email-notes\">Tu direcci\u00f3n de correo electr\u00f3nico no ser\u00e1 publicada.<\/span> <span class=\"required-field-message\">Los campos obligatorios est\u00e1n marcados con <span class=\"required\">*<\/span><\/span><\/p><p class=\"comment-form-comment\"><label for=\"comment\">Comentario <span class=\"required\">*<\/span><\/label> <textarea id=\"comment\" name=\"comment\" cols=\"45\" rows=\"8\" maxlength=\"65525\" required=\"required\"><\/textarea><\/p><p class=\"comment-form-author\"><label for=\"author\">Nombre <span class=\"required\">*<\/span><\/label> <input id=\"author\" name=\"author\" type=\"text\" value=\"\" size=\"30\" maxlength=\"245\" autocomplete=\"name\" required=\"required\" \/><\/p>\n<p class=\"comment-form-email\"><label for=\"email\">Correo electr\u00f3nico <span class=\"required\">*<\/span><\/label> <input id=\"email\" name=\"email\" type=\"text\" value=\"\" size=\"30\" maxlength=\"100\" aria-describedby=\"email-notes\" autocomplete=\"email\" required=\"required\" \/><\/p>\n<p class=\"comment-form-url\"><label for=\"url\">Web<\/label> <input id=\"url\" name=\"url\" type=\"text\" value=\"\" size=\"30\" maxlength=\"200\" autocomplete=\"url\" \/><\/p>\n<p class=\"comment-form-cookies-consent\"><input id=\"wp-comment-cookies-consent\" name=\"wp-comment-cookies-consent\" type=\"checkbox\" value=\"yes\" \/> <label for=\"wp-comment-cookies-consent\">Guardar mi nombre, correo electr\u00f3nico y sitio web en este navegador para la pr\u00f3xima vez que haga un comentario.<\/label><\/p>\n<p class=\"form-submit\"><span class=\"bloglo-submit-form-button\"><input name=\"submit\" type=\"submit\" id=\"submit\" class=\"submit\" value=\"Publicar comentario\" \/><\/span> <input type='hidden' name='comment_post_ID' value='22' id='comment_post_ID' \/>\n<input type='hidden' name='comment_parent' id='comment_parent' value='0' \/>\n<\/p><input type=\"hidden\" name=\"trp-form-language\" value=\"es-ar\"\/><\/form>\t<\/div><!-- #respond -->\n\t\n\n\n<p><\/p>\n\n\n\n<p><\/p>","protected":false},"excerpt":{"rendered":"<p>Aqu\u00ed puedes preguntarnos todo lo que necesites. Fechas de salida, t\u00edtulos, detalles de las ediciones&hellip;<\/p>","protected":false},"author":1,"featured_media":0,"parent":0,"menu_order":0,"comment_status":"open","ping_status":"closed","template":"","meta":{"footnotes":""},"class_list":["post-22","page","type-page","status-publish","hentry"],"_links":{"self":[{"href":"https:\/\/www.editorialivrea.com\/ESP\/preguntas\/es-ar\/wp-json\/wp\/v2\/pages\/22","targetHints":{"allow":["GET"]}}],"collection":[{"href":"https:\/\/www.editorialivrea.com\/ESP\/preguntas\/es-ar\/wp-json\/wp\/v2\/pages"}],"about":[{"href":"https:\/\/www.editorialivrea.com\/ESP\/preguntas\/es-ar\/wp-json\/wp\/v2\/types\/page"}],"author":[{"embeddable":true,"href":"https:\/\/www.editorialivrea.com\/ESP\/preguntas\/es-ar\/wp-json\/wp\/v2\/users\/1"}],"replies":[{"embeddable":true,"href":"https:\/\/www.editorialivrea.com\/ESP\/preguntas\/es-ar\/wp-json\/wp\/v2\/comments?post=22"}],"version-history":[{"count":16,"href":"https:\/\/www.editorialivrea.com\/ESP\/preguntas\/es-ar\/wp-json\/wp\/v2\/pages\/22\/revisions"}],"predecessor-version":[{"id":48,"href":"https:\/\/www.editorialivrea.com\/ESP\/preguntas\/es-ar\/wp-json\/wp\/v2\/pages\/22\/revisions\/48"}],"wp:attachment":[{"href":"https:\/\/www.editorialivrea.com\/ESP\/preguntas\/es-ar\/wp-json\/wp\/v2\/media?parent=22"}],"curies":[{"name":"wp","href":"https:\/\/api.w.org\/{rel}","templated":true}]}}